{"id":991,"date":"2022-08-31T19:08:46","date_gmt":"2022-08-31T19:08:46","guid":{"rendered":"https:\/\/www.metrocite.ca\/technical-support\/"},"modified":"2024-09-24T13:42:25","modified_gmt":"2024-09-24T13:42:25","slug":"technical-support","status":"publish","type":"page","link":"https:\/\/www.metrocite.ca\/en\/technical-support\/","title":{"rendered":"Technical support"},"content":{"rendered":"<section class=\"wpb-content-wrapper\">[vc_row fullwidth=&#8221;true&#8221; el_class=&#8221;row-header&#8221; css=&#8221;.vc_custom_1662477620213{background-color: #f4f4f4 !important;}&#8221;][vc_column][vc_row_inner el_class=&#8221;header-bg-img&#8221; css=&#8221;.vc_custom_1700856905118{background-image: url(https:\/\/www.metrocite.ca\/wp-content\/uploads\/2023\/11\/header-soutien-technique-v1.jpg?id=28845) !important;background-position: center !important;background-repeat: no-repeat !important;background-size: cover !important;}&#8221;][vc_column_inner][\/vc_column_inner][\/vc_row_inner][\/vc_column][\/vc_row][vc_row fullwidth=&#8221;true&#8221; fullwidth_content=&#8221;false&#8221; el_class=&#8221;trigger-title trigger-line&#8221; css=&#8221;.vc_custom_1662476766333{background-color: #f4f4f4 !important;}&#8221;][vc_column][vc_row_inner is_fullwidth_content=&#8221;false&#8221;][vc_column_inner][vc_column_text disable_pattern=&#8221;false&#8221; align=&#8221;center&#8221; css=&#8221;.vc_custom_1661972997333{margin-bottom: 0px !important;}&#8221;]\n<div class=\"vertical-line\"><\/div>\n<h1 class=\" title\">Technical support<\/h1>\n[\/vc_column_text][mk_padding_divider size=&#8221;30&#8243; visibility=&#8221;visible-sm&#8221;][mk_padding_divider size=&#8221;50&#8243; visibility=&#8221;hidden-sm&#8221;][vc_column_text disable_pattern=&#8221;false&#8221; align=&#8221;center&#8221; animation=&#8221;fade-in&#8221; el_class=&#8221;contenu-padding&#8221; css=&#8221;.vc_custom_1670341726905{margin-bottom: 0px !important;}&#8221;]Need assistance setting up or operating the technological services provided with your unit (free Wi-Fi, access to common areas, smart locker system for package delivery)? Our team will be happy to help. [\/vc_column_text][mk_padding_divider size=&#8221;100&#8243; visibility=&#8221;hidden-sm&#8221;][vc_column_text disable_pattern=&#8221;false&#8221; align=&#8221;center&#8221; animation=&#8221;fade-in&#8221; css=&#8221;.vc_custom_1671054197756{margin-bottom: 0px !important;}&#8221;]<strong class=\"orange\" style=\"font-size: 24px;line-height: 30px\">Service department<br \/>\n<\/strong><br \/>\n<strong>Phone number: <\/strong> <a class=\"hover-underline\" style=\"color: #464646\" href=\"tel:450-934-9501\">450 934-9501, ext. 232<\/a>[\/vc_column_text][mk_padding_divider size=&#8221;50&#8243;][mk_button dimension=&#8221;flat&#8221; size=&#8221;large&#8221; url=&#8221;mailto:serviceinformatique@metrocite.ca&#8221; align=&#8221;center&#8221; margin_bottom=&#8221;0&#8243; margin_right=&#8221;0&#8243; el_class=&#8221;btn btn-small center-mobile&#8221;]Request technical support[\/mk_button][mk_padding_divider size=&#8221;100&#8243;][\/vc_column_inner][\/vc_row_inner][\/vc_column][\/vc_row]\n<\/section>","protected":false},"excerpt":{"rendered":"<p>[vc_row fullwidth=&#8221;true&#8221; el_class=&#8221;row-header&#8221; css=&#8221;.vc_custom_1662477620213{background-color: #f4f4f4 !important;}&#8221;][vc_column][vc_row_inner el_class=&#8221;header-bg-img&#8221; css=&#8221;.vc_custom_1700856905118{background-image: url(https:\/\/www.metrocite.ca\/wp-content\/uploads\/2023\/11\/header-soutien-technique-v1.jpg?id=28845) !important;background-position: center !important;background-repeat: no-repeat !important;background-size: cover !important;}&#8221;][vc_column_inner][\/vc_column_inner][\/vc_row_inner][\/vc_column][\/vc_row][vc_row fullwidth=&#8221;true&#8221; fullwidth_content=&#8221;false&#8221; el_class=&#8221;trigger-title trigger-line&#8221; css=&#8221;.vc_custom_1662476766333{background-color: #f4f4f4 !important;}&#8221;][vc_column][vc_row_inner is_fullwidth_content=&#8221;false&#8221;][vc_column_inner][vc_column_text disable_pattern=&#8221;false&#8221; align=&#8221;center&#8221; css=&#8221;.vc_custom_1661972997333{margin-bottom: 0px !important;}&#8221;] Technical support [\/vc_column_text][mk_padding_divider size=&#8221;30&#8243; visibility=&#8221;visible-sm&#8221;][mk_padding_divider size=&#8221;50&#8243; visibility=&#8221;hidden-sm&#8221;][vc_column_text disable_pattern=&#8221;false&#8221; align=&#8221;center&#8221; animation=&#8221;fade-in&#8221; el_class=&#8221;contenu-padding&#8221; css=&#8221;.vc_custom_1670341726905{margin-bottom: 0px !important;}&#8221;]Need assistance setting up or operating the technological services provided with your unit [&hellip;]<\/p>\n","protected":false},"author":1,"featured_media":0,"parent":0,"menu_order":0,"comment_status":"closed","ping_status":"closed","template":"","meta":{"_acf_changed":false,"footnotes":""},"class_list":["post-991","page","type-page","status-publish","hentry"],"acf":[],"yoast_head":"<!-- This site is optimized with the Yoast SEO plugin v27.4 - https:\/\/yoast.com\/product\/yoast-seo-wordpress\/ -->\n<title>At M\u00e9trocit\u00e9, technical support is always a priority.<\/title>\n<meta name=\"description\" content=\"Do you own or rent one of our units? Our property management team is there to assist you.\" \/>\n<meta name=\"robots\" content=\"index, follow, max-snippet:-1, max-image-preview:large, max-video-preview:-1\" \/>\n<link rel=\"canonical\" href=\"https:\/\/www.metrocite.ca\/en\/technical-support\/\" \/>\n<meta property=\"og:locale\" content=\"en_US\" \/>\n<meta property=\"og:type\" content=\"article\" \/>\n<meta property=\"og:title\" content=\"At M\u00e9trocit\u00e9, technical support is always a priority.\" \/>\n<meta property=\"og:description\" content=\"Do you own or rent one of our units? Our property management team is there to assist you.\" \/>\n<meta property=\"og:url\" content=\"https:\/\/www.metrocite.ca\/en\/technical-support\/\" \/>\n<meta property=\"og:site_name\" content=\"M\u00e9trocit\u00e9\" \/>\n<meta property=\"article:publisher\" content=\"https:\/\/www.facebook.com\/GroupeMetrocite?fref=ts\" \/>\n<meta property=\"article:modified_time\" content=\"2024-09-24T13:42:25+00:00\" \/>\n<meta property=\"og:image\" content=\"https:\/\/www.metrocite.ca\/wp-content\/uploads\/2022\/09\/logo-metrocite.jpg\" \/>\n\t<meta property=\"og:image:width\" content=\"279\" \/>\n\t<meta property=\"og:image:height\" content=\"255\" \/>\n\t<meta property=\"og:image:type\" content=\"image\/jpeg\" \/>\n<meta name=\"twitter:card\" content=\"summary_large_image\" \/>\n<meta name=\"twitter:label1\" content=\"Est. reading time\" \/>\n\t<meta name=\"twitter:data1\" content=\"1 minute\" \/>\n<script type=\"application\/ld+json\" class=\"yoast-schema-graph\">{\"@context\":\"https:\\\/\\\/schema.org\",\"@graph\":[{\"@type\":\"WebPage\",\"@id\":\"https:\\\/\\\/www.metrocite.ca\\\/en\\\/technical-support\\\/\",\"url\":\"https:\\\/\\\/www.metrocite.ca\\\/en\\\/technical-support\\\/\",\"name\":\"At M\u00e9trocit\u00e9, technical support is always a priority.\",\"isPartOf\":{\"@id\":\"https:\\\/\\\/www.metrocite.ca\\\/#website\"},\"datePublished\":\"2022-08-31T19:08:46+00:00\",\"dateModified\":\"2024-09-24T13:42:25+00:00\",\"description\":\"Do you own or rent one of our units? Our property management team is there to assist you.\",\"breadcrumb\":{\"@id\":\"https:\\\/\\\/www.metrocite.ca\\\/en\\\/technical-support\\\/#breadcrumb\"},\"inLanguage\":\"en-US\",\"potentialAction\":[{\"@type\":\"ReadAction\",\"target\":[\"https:\\\/\\\/www.metrocite.ca\\\/en\\\/technical-support\\\/\"]}]},{\"@type\":\"BreadcrumbList\",\"@id\":\"https:\\\/\\\/www.metrocite.ca\\\/en\\\/technical-support\\\/#breadcrumb\",\"itemListElement\":[{\"@type\":\"ListItem\",\"position\":1,\"name\":\"Accueil\",\"item\":\"https:\\\/\\\/www.metrocite.ca\\\/en\\\/home\\\/\"},{\"@type\":\"ListItem\",\"position\":2,\"name\":\"Technical support\"}]},{\"@type\":\"WebSite\",\"@id\":\"https:\\\/\\\/www.metrocite.ca\\\/#website\",\"url\":\"https:\\\/\\\/www.metrocite.ca\\\/\",\"name\":\"M\u00e9trocit\u00e9\",\"description\":\"Condos \u00e0 vendre Dollard-des-Ormeaux et Condos \u00e0 louer laval\",\"potentialAction\":[{\"@type\":\"SearchAction\",\"target\":{\"@type\":\"EntryPoint\",\"urlTemplate\":\"https:\\\/\\\/www.metrocite.ca\\\/?s={search_term_string}\"},\"query-input\":{\"@type\":\"PropertyValueSpecification\",\"valueRequired\":true,\"valueName\":\"search_term_string\"}}],\"inLanguage\":\"en-US\"}]}<\/script>\n<!-- \/ Yoast SEO plugin. -->","yoast_head_json":{"title":"At M\u00e9trocit\u00e9, technical support is always a priority.","description":"Do you own or rent one of our units? Our property management team is there to assist you.","robots":{"index":"index","follow":"follow","max-snippet":"max-snippet:-1","max-image-preview":"max-image-preview:large","max-video-preview":"max-video-preview:-1"},"canonical":"https:\/\/www.metrocite.ca\/en\/technical-support\/","og_locale":"en_US","og_type":"article","og_title":"At M\u00e9trocit\u00e9, technical support is always a priority.","og_description":"Do you own or rent one of our units? Our property management team is there to assist you.","og_url":"https:\/\/www.metrocite.ca\/en\/technical-support\/","og_site_name":"M\u00e9trocit\u00e9","article_publisher":"https:\/\/www.facebook.com\/GroupeMetrocite?fref=ts","article_modified_time":"2024-09-24T13:42:25+00:00","og_image":[{"width":279,"height":255,"url":"https:\/\/www.metrocite.ca\/wp-content\/uploads\/2022\/09\/logo-metrocite.jpg","type":"image\/jpeg"}],"twitter_card":"summary_large_image","twitter_misc":{"Est. reading time":"1 minute"},"schema":{"@context":"https:\/\/schema.org","@graph":[{"@type":"WebPage","@id":"https:\/\/www.metrocite.ca\/en\/technical-support\/","url":"https:\/\/www.metrocite.ca\/en\/technical-support\/","name":"At M\u00e9trocit\u00e9, technical support is always a priority.","isPartOf":{"@id":"https:\/\/www.metrocite.ca\/#website"},"datePublished":"2022-08-31T19:08:46+00:00","dateModified":"2024-09-24T13:42:25+00:00","description":"Do you own or rent one of our units? Our property management team is there to assist you.","breadcrumb":{"@id":"https:\/\/www.metrocite.ca\/en\/technical-support\/#breadcrumb"},"inLanguage":"en-US","potentialAction":[{"@type":"ReadAction","target":["https:\/\/www.metrocite.ca\/en\/technical-support\/"]}]},{"@type":"BreadcrumbList","@id":"https:\/\/www.metrocite.ca\/en\/technical-support\/#breadcrumb","itemListElement":[{"@type":"ListItem","position":1,"name":"Accueil","item":"https:\/\/www.metrocite.ca\/en\/home\/"},{"@type":"ListItem","position":2,"name":"Technical support"}]},{"@type":"WebSite","@id":"https:\/\/www.metrocite.ca\/#website","url":"https:\/\/www.metrocite.ca\/","name":"M\u00e9trocit\u00e9","description":"Condos \u00e0 vendre Dollard-des-Ormeaux et Condos \u00e0 louer laval","potentialAction":[{"@type":"SearchAction","target":{"@type":"EntryPoint","urlTemplate":"https:\/\/www.metrocite.ca\/?s={search_term_string}"},"query-input":{"@type":"PropertyValueSpecification","valueRequired":true,"valueName":"search_term_string"}}],"inLanguage":"en-US"}]}},"_links":{"self":[{"href":"https:\/\/www.metrocite.ca\/en\/wp-json\/wp\/v2\/pages\/991","targetHints":{"allow":["GET"]}}],"collection":[{"href":"https:\/\/www.metrocite.ca\/en\/wp-json\/wp\/v2\/pages"}],"about":[{"href":"https:\/\/www.metrocite.ca\/en\/wp-json\/wp\/v2\/types\/page"}],"author":[{"embeddable":true,"href":"https:\/\/www.metrocite.ca\/en\/wp-json\/wp\/v2\/users\/1"}],"replies":[{"embeddable":true,"href":"https:\/\/www.metrocite.ca\/en\/wp-json\/wp\/v2\/comments?post=991"}],"version-history":[{"count":5,"href":"https:\/\/www.metrocite.ca\/en\/wp-json\/wp\/v2\/pages\/991\/revisions"}],"predecessor-version":[{"id":30434,"href":"https:\/\/www.metrocite.ca\/en\/wp-json\/wp\/v2\/pages\/991\/revisions\/30434"}],"wp:attachment":[{"href":"https:\/\/www.metrocite.ca\/en\/wp-json\/wp\/v2\/media?parent=991"}],"curies":[{"name":"wp","href":"https:\/\/api.w.org\/{rel}","templated":true}]}}